{"id":230,"date":"2023-06-30T07:58:33","date_gmt":"2023-06-30T07:58:33","guid":{"rendered":"https:\/\/meetinglawyers.com\/?page_id=230"},"modified":"2023-08-28T17:31:27","modified_gmt":"2023-08-28T17:31:27","slug":"politica-de-cookies","status":"publish","type":"page","link":"https:\/\/meetinglawyers.com\/en\/politica-de-cookies\/","title":{"rendered":"Politica de cookies"},"content":{"rendered":"<h2>Pol\u00edtica de cookies<\/h2>\n<p>El sitio Web de\u00a0<strong>MeetingLawyers<\/strong>\u00a0y sus dominios utilizan cookies (peque\u00f1os archivos de informaci\u00f3n que el servidor env\u00eda al ordenador de quien accede a la p\u00e1gina) para el correcto funcionamiento y visualizaci\u00f3n de los sitios Web por parte del usuario, as\u00ed como la recogida de estad\u00edsticas. En concreto, se utilizan las siguientes cookies:<\/p>\n<p>&nbsp;<\/p>\n<table class=\"data\">\n<tbody>\n<tr>\n<th>Cookies<\/th>\n<th>Tipo<\/th>\n<th>Temporalidad<\/th>\n<th>Titularidad<\/th>\n<th>Finalidad<\/th>\n<\/tr>\n<tr>\n<td><strong>Google Analytics<\/strong><\/p>\n<ul>\n<li>_ga<\/li>\n<li>_gat<\/li>\n<li>_gid<\/li>\n<li>Otras posibles cookies a cargar por el servicio de monitorizaci\u00f3n de visitas de Google\u00a0<a href=\"https:\/\/meetinglawyers.com\/en\/cookies_es\/#1\">[1]<\/a><\/li>\n<\/ul>\n<\/td>\n<td>Anal\u00edtica<\/td>\n<td>Permanente\/Temporal<\/td>\n<td>Condiciones del servicio:\u00a0<a href=\"https:\/\/meetinglawyers.com\/en\/cookies_es\/#2\">[2]<\/a><\/td>\n<td>Generar un identificador de usuario \u00fanico, que es el que se utiliza para hacer recuento de cu\u00e1ntas veces visita el sitio un usuario, as\u00ed como la fecha de la primera y la \u00faltima vez que visit\u00f3 la web. Registrar la fecha y hora de acceso a cualquiera de las p\u00e1ginas del Sitio. Comprobar la necesidad de mantener la sesi\u00f3n de un usuario abierta o crear una nueva. Identificar la sesi\u00f3n del usuario, para recoger la ubicaci\u00f3n geogr\u00e1fica aproximada del ordenador que accede al Sitio con efectos estad\u00edsticos.<\/td>\n<\/tr>\n<\/tbody>\n<\/table>\n<ul>\n<li>[1] \u2013 Uso de las cookies de Google Analytics en los sitios web:\u00a0<a href=\"https:\/\/developers.google.com\/analytics\/devguides\/collection\/analyticsjs\/cookie-usage?hl=es\" rel=\"nofollow\">https:\/\/developers.google.com\/analytics\/devguides\/collection\/analyticsjs\/cookie-usage?hl=es<\/a><\/li>\n<li>[2] \u2013 Condiciones de privacidad de Google Analytics:\u00a0<a href=\"https:\/\/www.google.com\/policies\/privacy\/\" rel=\"nofollow\">https:\/\/www.google.com\/policies\/privacy\/<\/a><\/li>\n<\/ul>\n<p>&nbsp;<\/p>\n<h3>Servicios de terceros<\/h3>\n<p>Adicionalmente,\u00a0<strong>MeetingLawyers<\/strong>\u00a0tiene presencia en portales y servicios de terceros para los que, si se desea conocer las condiciones de privacidad y uso de cookies, deber\u00e1n consultarle las pol\u00edticas proporcionadas por los mismos:<\/p>\n<p>Twitter:\u00a0<a href=\"https:\/\/twitter.com\/privacy\" rel=\"nofollow\">https:\/\/twitter.com\/privacy<\/a><br \/>\nLinkedin:\u00a0<a href=\"https:\/\/es.linkedin.com\/legal\/privacy-policy?\" rel=\"nofollow\">https:\/\/es.linkedin.com\/legal\/privacy-policy?<\/a><\/p>\n<h3>Aceptaci\u00f3n de la pol\u00edtica de cookies<\/h3>\n<p><strong>MeetingLawyers<\/strong>\u00a0muestra informaci\u00f3n sobre su Pol\u00edtica de cookies en la parte inferior de cualquier p\u00e1gina del sitio web con cada inicio de sesi\u00f3n con el objeto de que usted sea consciente.<\/p>\n<p>Ante esta informaci\u00f3n es posible llevar a cabo las siguientes acciones:<\/p>\n<ul>\n<li><strong>Cancelar<\/strong>: No se utilizar\u00e1n cookies.<\/li>\n<li><strong>Aceptar cookies<\/strong>: Acepta su uso y no se volver\u00e1 a visualizar este aviso al acceder a cualquier p\u00e1gina del portal durante la presente sesi\u00f3n.<\/li>\n<\/ul>\n<p>&nbsp;<\/p>\n<h3>C\u00f3mo modificar la configuraci\u00f3n de las cookies<\/h3>\n<p>Usted puede restringir, bloquear o borrar las cookies de\u00a0<strong>MeetingLawyers<\/strong>\u00a0o cualquier otra p\u00e1gina web, utilizando su navegador. En cada navegador la operativa es diferente, la funci\u00f3n de &#8216;Ayuda\u00bb le mostrar\u00e1 c\u00f3mo hacerlo.<\/p>\n<p>&nbsp;<\/p>\n<ul>\n<li>Internet Explorer:\u00a0<a href=\"https:\/\/windows.microsoft.com\/es-xl\/internet-explorer\/delete-manage-cookies#ie=ie-10\" rel=\"nofollow\">windows.microsoft .com\/es-xl\/internet-explorer\/delete-manage-cookies#ie=\u00bbie-10&#8243;<\/a><\/li>\n<li>Microsoft Edge:\u00a0<a href=\"https:\/\/support.microsoft.com\/es-es\/help\/4468242\/microsoft-edge-browsing-data-and-privacy-microsoft-\" rel=\"nofollow\">support.microsoft.com\/es-es\/help\/4468242\/microsoft-edge-browsing-data-and-privacy-microsoft- privacy<\/a><\/li>\n<li>FireFox:\u00a0<a href=\"https:\/\/support.mozilla.org\/es\/kb\/Borrar%20cookies\" rel=\"nofollow\">support.mozilla .org\/es\/kb\/Borrar%20cookies<\/a><\/li>\n<li>Chrome:\u00a0<a href=\"https:\/\/support.google.com\/chrome\/answer\/95647?hl=es\" rel=\"nofollow\">support.google.com\/chrome\/answer\/95647?hl=es<\/a><\/li>\n<li>Safari:\u00a0<a href=\"https:\/\/www.apple.com\/es\/privacy\/use-of-\" rel=\"nofollow\">www.apple.com\/es\/privacy\/use-of-cookies\/<\/a><\/li>\n<\/ul>","protected":false},"excerpt":{"rendered":"<p>Pol\u00edtica de cookies El sitio Web de\u00a0MeetingLawyers\u00a0y sus dominios utilizan cookies (peque\u00f1os archivos de informaci\u00f3n que el servidor env\u00eda al ordenador de quien accede a la p\u00e1gina) para el correcto funcionamiento y visualizaci\u00f3n de los sitios Web por parte del usuario, as\u00ed como la recogida de estad\u00edsticas. En concreto, se utilizan las siguientes cookies: &nbsp; [&hellip;]<\/p>","protected":false},"author":1,"featured_media":0,"parent":0,"menu_order":0,"comment_status":"closed","ping_status":"closed","template":"template_without_elementor.php","meta":{"footnotes":""},"class_list":["post-230","page","type-page","status-publish","hentry"],"meta_box":{"page-title":"MeetingLawyers - Politica de cookies","page-description":"Conseguimos que nuestros partner fidelicen y capten nuevos clientes gracias a nuestra soluci\u00f3n digital.","page-image":[{"width":150,"height":150,"file":"2023\/08\/Group-514299.png","filesize":156198,"sizes":{"medium":{"file":"Group-514299-300x130.png","width":300,"height":130,"mime-type":"image\/png","filesize":45386,"url":"https:\/\/meetinglawyers.com\/wp-content\/uploads\/2023\/08\/Group-514299-300x130.png"},"thumbnail":{"file":"Group-514299-150x150.png","width":150,"height":150,"mime-type":"image\/png","filesize":28624,"url":"https:\/\/meetinglawyers.com\/wp-content\/uploads\/2023\/08\/Group-514299-150x150.png"},"medium_large":{"file":"Group-514299-768x332.png","width":768,"height":332,"mime-type":"image\/png","filesize":259316,"url":"https:\/\/meetinglawyers.com\/wp-content\/uploads\/2023\/08\/Group-514299-768x332.png"},"trp-custom-language-flag":{"file":"Group-514299-18x8.png","width":18,"height":8,"mime-type":"image\/png","filesize":472,"url":"https:\/\/meetinglawyers.com\/wp-content\/uploads\/2023\/08\/Group-514299-18x8.png"}},"image_meta":{"aperture":"0","credit":"","camera":"","caption":"","created_timestamp":"0","copyright":"","focal_length":"0","iso":"0","shutter_speed":"0","title":"","orientation":"0","keywords":[]},"ID":"589","name":"Group-514299.png","path":"\/var\/www\/web\/wp-content\/uploads\/2023\/08\/Group-514299.png","url":"https:\/\/meetinglawyers.com\/wp-content\/uploads\/2023\/08\/Group-514299-150x150.png","full_url":"https:\/\/meetinglawyers.com\/wp-content\/uploads\/2023\/08\/Group-514299.png","title":"Group 514299","caption":"","description":"","alt":"","srcset":false}]},"_links":{"self":[{"href":"https:\/\/meetinglawyers.com\/en\/wp-json\/wp\/v2\/pages\/230","targetHints":{"allow":["GET"]}}],"collection":[{"href":"https:\/\/meetinglawyers.com\/en\/wp-json\/wp\/v2\/pages"}],"about":[{"href":"https:\/\/meetinglawyers.com\/en\/wp-json\/wp\/v2\/types\/page"}],"author":[{"embeddable":true,"href":"https:\/\/meetinglawyers.com\/en\/wp-json\/wp\/v2\/users\/1"}],"replies":[{"embeddable":true,"href":"https:\/\/meetinglawyers.com\/en\/wp-json\/wp\/v2\/comments?post=230"}],"version-history":[{"count":3,"href":"https:\/\/meetinglawyers.com\/en\/wp-json\/wp\/v2\/pages\/230\/revisions"}],"predecessor-version":[{"id":504,"href":"https:\/\/meetinglawyers.com\/en\/wp-json\/wp\/v2\/pages\/230\/revisions\/504"}],"wp:attachment":[{"href":"https:\/\/meetinglawyers.com\/en\/wp-json\/wp\/v2\/media?parent=230"}],"curies":[{"name":"wp","href":"https:\/\/api.w.org\/{rel}","templated":true}]}}